{"id":6375,"date":"2023-03-09T13:51:40","date_gmt":"2023-03-09T18:51:40","guid":{"rendered":"https:\/\/fetedulacdesnations.com\/info\/organisme-a-but-non-lucratif\/"},"modified":"2026-02-25T15:11:40","modified_gmt":"2026-02-25T20:11:40","slug":"non-profit-organization","status":"publish","type":"page","link":"https:\/\/fetedulacdesnations.com\/en\/info\/non-profit-organization\/","title":{"rendered":"Non-profit organization"},"content":{"rendered":"<p><div class=\"fusion-fullwidth fullwidth-box fusion-builder-row-1 fusion-flex-container has-pattern-background has-mask-background nonhundred-percent-fullwidth non-hundred-percent-height-scrolling\" style=\"--awb-background-position:center top;--awb-border-radius-top-left:0px;--awb-border-radius-top-right:0px;--awb-border-radius-bottom-right:0px;--awb-border-radius-bottom-left:0px;--awb-margin-bottom:80px;--awb-flex-wrap:wrap;\" ><div class=\"fusion-builder-row fusion-row fusion-flex-align-items-flex-start fusion-flex-content-wrap\" style=\"max-width:1696px;margin-left: calc(-6% \/ 2 );margin-right: calc(-6% \/ 2 );\"><div class=\"fusion-layout-column fusion_builder_column fusion-builder-column-0 fusion_builder_column_1_1 1_1 fusion-flex-column fusion-animated\" style=\"--awb-bg-size:cover;--awb-width-large:100%;--awb-margin-top-large:0px;--awb-spacing-right-large:2.82%;--awb-margin-bottom-large:0px;--awb-spacing-left-large:2.82%;--awb-width-medium:100%;--awb-order-medium:0;--awb-spacing-right-medium:2.82%;--awb-spacing-left-medium:2.82%;--awb-width-small:100%;--awb-order-small:0;--awb-spacing-right-small:2.82%;--awb-spacing-left-small:2.82%;\" data-animationType=\"fadeInUp\" data-animationDuration=\"1.5\" data-animationOffset=\"top-into-view\"><div class=\"fusion-column-wrapper fusion-column-has-shadow fusion-flex-justify-content-flex-start fusion-content-layout-column\"><div class=\"fusion-text fusion-text-1\"><p>As a non-profit organization, the F\u00eate du Lac des Nations Promutuel Assurance aims to host a large-scale event to showcase Sherbrooke and the Eastern Townships province wide. The goal is not to make a profit but to invest in the region\u2019s cultural and tourism offerings.<\/p>\n<\/div><div class=\"fusion-text fusion-text-2\"><p>The organization is proud to generate great economic benefits for the City of Sherbrooke and all its retailers, but especially to give back to the community:<\/p>\n<\/div><\/div><\/div><div class=\"fusion-layout-column fusion_builder_column fusion-builder-column-1 fusion_builder_column_1_2 1_2 fusion-flex-column fusion-animated\" style=\"--awb-bg-size:cover;--awb-width-large:50%;--awb-margin-top-large:0px;--awb-spacing-right-large:5.64%;--awb-margin-bottom-large:0px;--awb-spacing-left-large:5.64%;--awb-width-medium:50%;--awb-order-medium:0;--awb-spacing-right-medium:5.64%;--awb-spacing-left-medium:5.64%;--awb-width-small:100%;--awb-order-small:0;--awb-spacing-right-small:2.82%;--awb-spacing-left-small:2.82%;\" data-animationType=\"fadeInRight\" data-animationDuration=\"1.0\" data-animationOffset=\"top-into-view\"><div class=\"fusion-column-wrapper fusion-column-has-shadow fusion-flex-justify-content-flex-start fusion-content-layout-column\"><div class=\"fusion-text fusion-text-3\"><ul>\n<li>Donation of 1 420 daily tickets in 2025 to low-income families by the <a href=\"https:\/\/cdcsherbrooke.ca\/\" target=\"_blank\" rel=\"noopener\">Corporation de d\u00e9veloppement communautaire de Sherbrooke<\/a>;<\/li>\n<li>Bar operations managed by non-profit organizations, which receive all tips (nearly $30,000 collected in 2025) ;<\/li>\n<li>Surrounding parking lots operated by organizations (0ver $ 40,000 raised in 2025) ;<\/li>\n<\/ul>\n<\/div><\/div><\/div><div class=\"fusion-layout-column fusion_builder_column fusion-builder-column-2 fusion_builder_column_1_2 1_2 fusion-flex-column fusion-animated\" style=\"--awb-bg-size:cover;--awb-width-large:50%;--awb-margin-top-large:0px;--awb-spacing-right-large:5.64%;--awb-margin-bottom-large:0px;--awb-spacing-left-large:5.64%;--awb-width-medium:50%;--awb-order-medium:0;--awb-spacing-right-medium:5.64%;--awb-spacing-left-medium:5.64%;--awb-width-small:100%;--awb-order-small:0;--awb-spacing-right-small:2.82%;--awb-spacing-left-small:2.82%;\" data-animationType=\"fadeInLeft\" data-animationDuration=\"1.5\" data-animationOffset=\"top-into-view\"><div class=\"fusion-column-wrapper fusion-column-has-shadow fusion-flex-justify-content-flex-start fusion-content-layout-column\"><div class=\"fusion-text fusion-text-4\"><ul>\n<li>Hiring of more than 365 volunteers from various backgrounds in 2025 ;<\/li>\n<li>Partnerships with local businesses ;<\/li>\n<li>Selection of local suppliers, vendors and concessionaires ;<\/li>\n<li>Accommodations for people with restricted mobility ;<\/li>\n<li>Free access for children aged 11 old and under.<\/li>\n<\/ul>\n<\/div><\/div><\/div><div class=\"fusion-layout-column fusion_builder_column fusion-builder-column-3 fusion_builder_column_1_1 1_1 fusion-flex-column\" style=\"--awb-bg-size:cover;--awb-width-large:100%;--awb-margin-top-large:40px;--awb-spacing-right-large:2.82%;--awb-margin-bottom-large:80px;--awb-spacing-left-large:2.82%;--awb-width-medium:100%;--awb-order-medium:0;--awb-spacing-right-medium:2.82%;--awb-spacing-left-medium:2.82%;--awb-width-small:100%;--awb-order-small:0;--awb-spacing-right-small:2.82%;--awb-spacing-left-small:2.82%;\"><div class=\"fusion-column-wrapper fusion-column-has-shadow fusion-flex-justify-content-flex-start fusion-content-layout-column\"><div ><a class=\"fusion-button button-flat fusion-button-default-size button-default fusion-button-default button-1 fusion-button-default-span fusion-button-default-type fusion-animated\" data-animationType=\"bounceIn\" data-animationDuration=\"1.0\" data-animationOffset=\"top-into-view\" target=\"_self\" title=\"See the different ways you can contribute to the success of the Festival - La F\u00eate du Lac des Nations Promutuel Assurance \u2013 Music and fireworks festival in Sherbrooke\" aria-label=\"See the different ways you can contribute to the success of the Festival - La F\u00eate du Lac des Nations Promutuel Assurance \u2013 Music and fireworks festival in Sherbrooke\" href=\"https:\/\/fetedulacdesnations.com\/en\/i-take-part\/\"><span class=\"fusion-button-text awb-button__text awb-button__text--default\">Contribute to the success of the Festival<\/span><\/a><\/div><\/div><\/div><\/div><\/div><div class=\"fusion-fullwidth fullwidth-box fusion-builder-row-2 fusion-flex-container has-pattern-background has-mask-background nonhundred-percent-fullwidth non-hundred-percent-height-scrolling\" style=\"--awb-background-position:center top;--awb-border-radius-top-left:0px;--awb-border-radius-top-right:0px;--awb-border-radius-bottom-right:0px;--awb-border-radius-bottom-left:0px;--awb-margin-bottom:80px;--awb-flex-wrap:wrap;\" ><div class=\"fusion-builder-row fusion-row fusion-flex-align-items-flex-start fusion-flex-content-wrap\" style=\"max-width:1696px;margin-left: calc(-6% \/ 2 );margin-right: calc(-6% \/ 2 );\"><div class=\"fusion-layout-column fusion_builder_column fusion-builder-column-4 fusion_builder_column_1_2 1_2 fusion-flex-column fusion-animated\" style=\"--awb-bg-size:cover;--awb-width-large:50%;--awb-margin-top-large:0px;--awb-spacing-right-large:5.64%;--awb-margin-bottom-large:80px;--awb-spacing-left-large:5.64%;--awb-width-medium:50%;--awb-order-medium:0;--awb-spacing-right-medium:5.64%;--awb-spacing-left-medium:5.64%;--awb-width-small:100%;--awb-order-small:0;--awb-spacing-right-small:2.82%;--awb-spacing-left-small:2.82%;\" data-animationType=\"fadeInUp\" data-animationDuration=\"1.5\" data-animationOffset=\"top-into-view\" data-scroll-devices=\"small-visibility,medium-visibility,large-visibility\"><div class=\"fusion-column-wrapper fusion-column-has-shadow fusion-flex-justify-content-flex-start fusion-content-layout-column\"><div class=\"fusion-title title fusion-title-1 fusion-sep-none fusion-title-text fusion-title-size-three\" style=\"--awb-margin-top:0px;--awb-margin-top-small:0px;--awb-margin-right-small:0px;--awb-margin-bottom-small:10px;--awb-margin-left-small:0px;\"><h3 class=\"fusion-title-heading title-heading-left\" style=\"margin:0;\">Awards &amp; distinctions<\/h3><\/div><div class=\"fusion-text fusion-text-5\"><ul>\n<li>2024 &#8211; Nominated at Les Vivats Gala for the Social Engagement Award<\/li>\n<li>2023 &#8211; NPO Events awarded at Sherbrooke Chamber of Commerce Gala de la Reconnaissance Estrie 2023<\/li>\n<li>2023 &#8211; Waste Management Award, Les Vivats Gala<\/li>\n<\/ul>\n<\/div><\/div><\/div><div class=\"fusion-layout-column fusion_builder_column fusion-builder-column-5 fusion_builder_column_1_2 1_2 fusion-flex-column fusion-animated\" style=\"--awb-bg-size:cover;--awb-width-large:50%;--awb-margin-top-large:0px;--awb-spacing-right-large:5.64%;--awb-margin-bottom-large:80px;--awb-spacing-left-large:5.64%;--awb-width-medium:50%;--awb-order-medium:0;--awb-spacing-right-medium:5.64%;--awb-spacing-left-medium:5.64%;--awb-width-small:100%;--awb-order-small:0;--awb-spacing-right-small:2.82%;--awb-spacing-left-small:2.82%;\" data-animationType=\"fadeInUp\" data-animationDuration=\"1.5\" data-animationOffset=\"top-into-view\" data-scroll-devices=\"small-visibility,medium-visibility,large-visibility\"><div class=\"fusion-column-wrapper fusion-column-has-shadow fusion-flex-justify-content-flex-start fusion-content-layout-column\"><div class=\"fusion-title title fusion-title-2 fusion-sep-none fusion-title-text fusion-title-size-three\" style=\"--awb-margin-top:0px;--awb-margin-top-small:0px;--awb-margin-right-small:0px;--awb-margin-bottom-small:10px;--awb-margin-left-small:0px;\"><h3 class=\"fusion-title-heading title-heading-left\" style=\"margin:0;\">Associations<\/h3><\/div><div class=\"fusion-text fusion-text-6\"><ul>\n<li>R\u00c9MI \u2013 Regroupement des \u00e9v\u00e9nements majeurs internationaux<\/li>\n<li>\u00c9AQ \u2013 \u00c9v\u00e9nements Attractions Qu\u00e9bec<\/li>\n<li>Chambre de commerce et industrie de Sherbrooke<\/li>\n<\/ul>\n<\/div><\/div><\/div><\/div><\/div><\/p>\n","protected":false},"excerpt":{"rendered":"","protected":false},"author":2,"featured_media":0,"parent":6368,"menu_order":0,"comment_status":"closed","ping_status":"closed","template":"100-width.php","meta":{"_acf_changed":false,"footnotes":""},"class_list":["post-6375","page","type-page","status-publish","hentry"],"acf":[],"yoast_head":"<!-- This site is optimized with the Yoast SEO plugin v27.1.1 - https:\/\/yoast.com\/product\/yoast-seo-wordpress\/ -->\n<title>Non-profit organization - F\u00eate du Lac des Nations<\/title>\n<meta name=\"description\" content=\"Discover the mission of F\u00eate du Lac des Nations Inc.: a cultural and tourism event to showcase Sherbrooke and the Eastern Townships.\" \/>\n<meta name=\"robots\" content=\"index, follow, max-snippet:-1, max-image-preview:large, max-video-preview:-1\" \/>\n<link rel=\"canonical\" href=\"https:\/\/fetedulacdesnations.com\/en\/info\/non-profit-organization\/\" \/>\n<meta property=\"og:locale\" content=\"en_US\" \/>\n<meta property=\"og:type\" content=\"article\" \/>\n<meta property=\"og:title\" content=\"Non-profit organization - F\u00eate du Lac des Nations\" \/>\n<meta property=\"og:description\" content=\"Discover the mission of F\u00eate du Lac des Nations Inc.: a cultural and tourism event to showcase Sherbrooke and the Eastern Townships.\" \/>\n<meta property=\"og:url\" content=\"https:\/\/fetedulacdesnations.com\/en\/info\/non-profit-organization\/\" \/>\n<meta property=\"og:site_name\" content=\"F\u00eate du Lac des Nations Promutuel Assurance\" \/>\n<meta property=\"article:publisher\" content=\"https:\/\/www.facebook.com\/fetedulacdesnations\" \/>\n<meta property=\"article:modified_time\" content=\"2026-02-25T20:11:40+00:00\" \/>\n<meta property=\"og:image\" content=\"https:\/\/fetedulacdesnations.com\/wp-content\/uploads\/2024\/03\/Facebook-FLN2024-FR.png\" \/>\n\t<meta property=\"og:image:width\" content=\"1200\" \/>\n\t<meta property=\"og:image:height\" content=\"630\" \/>\n\t<meta property=\"og:image:type\" content=\"image\/png\" \/>\n<meta name=\"twitter:card\" content=\"summary_large_image\" \/>\n<script type=\"application\/ld+json\" class=\"yoast-schema-graph\">{\"@context\":\"https:\/\/schema.org\",\"@graph\":[{\"@type\":\"WebPage\",\"@id\":\"https:\/\/fetedulacdesnations.com\/en\/info\/non-profit-organization\/\",\"url\":\"https:\/\/fetedulacdesnations.com\/en\/info\/non-profit-organization\/\",\"name\":\"Non-profit organization - F\u00eate du Lac des Nations\",\"isPartOf\":{\"@id\":\"https:\/\/fetedulacdesnations.com\/#website\"},\"datePublished\":\"2023-03-09T18:51:40+00:00\",\"dateModified\":\"2026-02-25T20:11:40+00:00\",\"description\":\"Discover the mission of F\u00eate du Lac des Nations Inc.: a cultural and tourism event to showcase Sherbrooke and the Eastern Townships.\",\"breadcrumb\":{\"@id\":\"https:\/\/fetedulacdesnations.com\/en\/info\/non-profit-organization\/#breadcrumb\"},\"inLanguage\":\"en-US\",\"potentialAction\":[{\"@type\":\"ReadAction\",\"target\":[\"https:\/\/fetedulacdesnations.com\/en\/info\/non-profit-organization\/\"]}]},{\"@type\":\"BreadcrumbList\",\"@id\":\"https:\/\/fetedulacdesnations.com\/en\/info\/non-profit-organization\/#breadcrumb\",\"itemListElement\":[{\"@type\":\"ListItem\",\"position\":1,\"name\":\"Accueil\",\"item\":\"https:\/\/fetedulacdesnations.com\/en\/la-fete-du-lac-des-nations-promutuel-assurance-festival-de-musique-et-de-feux-dartifice-a-sherbrooke\/\"},{\"@type\":\"ListItem\",\"position\":2,\"name\":\"Info\",\"item\":\"https:\/\/fetedulacdesnations.com\/en\/info\/\"},{\"@type\":\"ListItem\",\"position\":3,\"name\":\"Non-profit organization\"}]},{\"@type\":\"WebSite\",\"@id\":\"https:\/\/fetedulacdesnations.com\/#website\",\"url\":\"https:\/\/fetedulacdesnations.com\/\",\"name\":\"F\u00eate du Lac des Nations Promutuel Assurance\",\"description\":\"Festival de musique et feux d&#039;artifices \u00e0 Sherbrooke, en Estrie\",\"publisher\":{\"@id\":\"https:\/\/fetedulacdesnations.com\/#organization\"},\"alternateName\":\"FLN\",\"potentialAction\":[{\"@type\":\"SearchAction\",\"target\":{\"@type\":\"EntryPoint\",\"urlTemplate\":\"https:\/\/fetedulacdesnations.com\/?s={search_term_string}\"},\"query-input\":{\"@type\":\"PropertyValueSpecification\",\"valueRequired\":true,\"valueName\":\"search_term_string\"}}],\"inLanguage\":\"en-US\"},{\"@type\":\"Organization\",\"@id\":\"https:\/\/fetedulacdesnations.com\/#organization\",\"name\":\"F\u00eate du Lac des Nations Promutuel Assurance\",\"alternateName\":\"FLN\",\"url\":\"https:\/\/fetedulacdesnations.com\/\",\"logo\":{\"@type\":\"ImageObject\",\"inLanguage\":\"en-US\",\"@id\":\"https:\/\/fetedulacdesnations.com\/#\/schema\/logo\/image\/\",\"url\":\"https:\/\/fetedulacdesnations.com\/wp-content\/uploads\/2023\/03\/logo-FLN2023-sticky.svg\",\"contentUrl\":\"https:\/\/fetedulacdesnations.com\/wp-content\/uploads\/2023\/03\/logo-FLN2023-sticky.svg\",\"width\":341,\"height\":290,\"caption\":\"F\u00eate du Lac des Nations Promutuel Assurance\"},\"image\":{\"@id\":\"https:\/\/fetedulacdesnations.com\/#\/schema\/logo\/image\/\"},\"sameAs\":[\"https:\/\/www.facebook.com\/fetedulacdesnations\",\"https:\/\/www.instagram.com\/fetedulacdesnations\/?hl=fr\",\"https:\/\/www.linkedin.com\/company\/fetedulacdesnations\/\"]}]}<\/script>\n<!-- \/ Yoast SEO plugin. -->","yoast_head_json":{"title":"Non-profit organization - F\u00eate du Lac des Nations","description":"Discover the mission of F\u00eate du Lac des Nations Inc.: a cultural and tourism event to showcase Sherbrooke and the Eastern Townships.","robots":{"index":"index","follow":"follow","max-snippet":"max-snippet:-1","max-image-preview":"max-image-preview:large","max-video-preview":"max-video-preview:-1"},"canonical":"https:\/\/fetedulacdesnations.com\/en\/info\/non-profit-organization\/","og_locale":"en_US","og_type":"article","og_title":"Non-profit organization - F\u00eate du Lac des Nations","og_description":"Discover the mission of F\u00eate du Lac des Nations Inc.: a cultural and tourism event to showcase Sherbrooke and the Eastern Townships.","og_url":"https:\/\/fetedulacdesnations.com\/en\/info\/non-profit-organization\/","og_site_name":"F\u00eate du Lac des Nations Promutuel Assurance","article_publisher":"https:\/\/www.facebook.com\/fetedulacdesnations","article_modified_time":"2026-02-25T20:11:40+00:00","og_image":[{"width":1200,"height":630,"url":"https:\/\/fetedulacdesnations.com\/wp-content\/uploads\/2024\/03\/Facebook-FLN2024-FR.png","type":"image\/png"}],"twitter_card":"summary_large_image","schema":{"@context":"https:\/\/schema.org","@graph":[{"@type":"WebPage","@id":"https:\/\/fetedulacdesnations.com\/en\/info\/non-profit-organization\/","url":"https:\/\/fetedulacdesnations.com\/en\/info\/non-profit-organization\/","name":"Non-profit organization - F\u00eate du Lac des Nations","isPartOf":{"@id":"https:\/\/fetedulacdesnations.com\/#website"},"datePublished":"2023-03-09T18:51:40+00:00","dateModified":"2026-02-25T20:11:40+00:00","description":"Discover the mission of F\u00eate du Lac des Nations Inc.: a cultural and tourism event to showcase Sherbrooke and the Eastern Townships.","breadcrumb":{"@id":"https:\/\/fetedulacdesnations.com\/en\/info\/non-profit-organization\/#breadcrumb"},"inLanguage":"en-US","potentialAction":[{"@type":"ReadAction","target":["https:\/\/fetedulacdesnations.com\/en\/info\/non-profit-organization\/"]}]},{"@type":"BreadcrumbList","@id":"https:\/\/fetedulacdesnations.com\/en\/info\/non-profit-organization\/#breadcrumb","itemListElement":[{"@type":"ListItem","position":1,"name":"Accueil","item":"https:\/\/fetedulacdesnations.com\/en\/la-fete-du-lac-des-nations-promutuel-assurance-festival-de-musique-et-de-feux-dartifice-a-sherbrooke\/"},{"@type":"ListItem","position":2,"name":"Info","item":"https:\/\/fetedulacdesnations.com\/en\/info\/"},{"@type":"ListItem","position":3,"name":"Non-profit organization"}]},{"@type":"WebSite","@id":"https:\/\/fetedulacdesnations.com\/#website","url":"https:\/\/fetedulacdesnations.com\/","name":"F\u00eate du Lac des Nations Promutuel Assurance","description":"Festival de musique et feux d&#039;artifices \u00e0 Sherbrooke, en Estrie","publisher":{"@id":"https:\/\/fetedulacdesnations.com\/#organization"},"alternateName":"FLN","potentialAction":[{"@type":"SearchAction","target":{"@type":"EntryPoint","urlTemplate":"https:\/\/fetedulacdesnations.com\/?s={search_term_string}"},"query-input":{"@type":"PropertyValueSpecification","valueRequired":true,"valueName":"search_term_string"}}],"inLanguage":"en-US"},{"@type":"Organization","@id":"https:\/\/fetedulacdesnations.com\/#organization","name":"F\u00eate du Lac des Nations Promutuel Assurance","alternateName":"FLN","url":"https:\/\/fetedulacdesnations.com\/","logo":{"@type":"ImageObject","inLanguage":"en-US","@id":"https:\/\/fetedulacdesnations.com\/#\/schema\/logo\/image\/","url":"https:\/\/fetedulacdesnations.com\/wp-content\/uploads\/2023\/03\/logo-FLN2023-sticky.svg","contentUrl":"https:\/\/fetedulacdesnations.com\/wp-content\/uploads\/2023\/03\/logo-FLN2023-sticky.svg","width":341,"height":290,"caption":"F\u00eate du Lac des Nations Promutuel Assurance"},"image":{"@id":"https:\/\/fetedulacdesnations.com\/#\/schema\/logo\/image\/"},"sameAs":["https:\/\/www.facebook.com\/fetedulacdesnations","https:\/\/www.instagram.com\/fetedulacdesnations\/?hl=fr","https:\/\/www.linkedin.com\/company\/fetedulacdesnations\/"]}]}},"_links":{"self":[{"href":"https:\/\/fetedulacdesnations.com\/en\/wp-json\/wp\/v2\/pages\/6375","targetHints":{"allow":["GET"]}}],"collection":[{"href":"https:\/\/fetedulacdesnations.com\/en\/wp-json\/wp\/v2\/pages"}],"about":[{"href":"https:\/\/fetedulacdesnations.com\/en\/wp-json\/wp\/v2\/types\/page"}],"author":[{"embeddable":true,"href":"https:\/\/fetedulacdesnations.com\/en\/wp-json\/wp\/v2\/users\/2"}],"replies":[{"embeddable":true,"href":"https:\/\/fetedulacdesnations.com\/en\/wp-json\/wp\/v2\/comments?post=6375"}],"version-history":[{"count":25,"href":"https:\/\/fetedulacdesnations.com\/en\/wp-json\/wp\/v2\/pages\/6375\/revisions"}],"predecessor-version":[{"id":10491,"href":"https:\/\/fetedulacdesnations.com\/en\/wp-json\/wp\/v2\/pages\/6375\/revisions\/10491"}],"up":[{"embeddable":true,"href":"https:\/\/fetedulacdesnations.com\/en\/wp-json\/wp\/v2\/pages\/6368"}],"wp:attachment":[{"href":"https:\/\/fetedulacdesnations.com\/en\/wp-json\/wp\/v2\/media?parent=6375"}],"curies":[{"name":"wp","href":"https:\/\/api.w.org\/{rel}","templated":true}]}}